{"id":892,"date":"2023-01-15T19:42:24","date_gmt":"2023-01-15T18:42:24","guid":{"rendered":"https:\/\/jarden.fr\/?post_type=product&#038;p=892"},"modified":"2023-01-15T19:49:55","modified_gmt":"2023-01-15T18:49:55","slug":"lot-de-6-abreuvoirs-pipette-pour-poules","status":"publish","type":"product","link":"https:\/\/jarden.fr\/index.php\/produit\/lot-de-6-abreuvoirs-pipette-pour-poules\/","title":{"rendered":"Lot de 6 abreuvoirs pipette pour poules"},"content":{"rendered":"<p>Marre de surveiller et nettoyer en permanence les abreuvoirs de vos poules ? Installez les abreuvoirs automatiques Jarden qui garantissent \u00e0 vos volailles un acc\u00e8s 7j\/7 et 24h\/24 \u00e0 de l\u2019eau propre et saine ! Le syst\u00e8me de pipette emp\u00eache les nuisibles d&rsquo;acc\u00e9der \u00e0 l\u2019eau et \u00e9limine tout risque de stagnation et salissures de l\u2019eau. L\u2019installation est un jeu d\u2019enfant et les abreuvoirs s\u2019adaptent \u00e0 tous les contenants et syst\u00e8mes de distribution d\u2019eau (seaux, barils, tubes PVC\u2026) Percez simplement un trou pour chaque abreuvoir dans le contenant de votre choix et vissez-les ! Le syst\u00e8me de joint des abreuvoirs compos\u00e9 d\u2019une rondelle et d\u2019un \u00e9crou \u00e0 oreille emp\u00eache tout risque de fuites d\u2019eau. Pour vous aider \u00e0 garantir le bien-\u00eatre de vos poules et devenir de v\u00e9ritable aviculteur confirm\u00e9, Jarden vous offre son \u201cPetit guide pour prendre soin de vos poules\u201d pour tout achat d\u2019un lot d\u2019abreuvoirs automatiques ! Mise en place et entretien de votre poulailler, alimentation et protection de vos poules, optimisation de la ponte : d\u00e9couvrez tous les secrets pour chouchouter vos poules !<\/p>\n","protected":false},"excerpt":{"rendered":"<p>Marre de surveiller et nettoyer en permanence les abreuvoirs de vos poules ? Installez les abreuvoirs automatiques Jarden qui garantissent \u00e0 vos volailles un acc\u00e8s 7j\/7 et 24h\/24 \u00e0 de l\u2019eau propre et saine ! Le syst\u00e8me de pipette emp\u00eache les nuisibles d&rsquo;acc\u00e9der \u00e0 l\u2019eau et \u00e9limine tout risque de stagnation et salissures de l\u2019eau. [&hellip;]<\/p>\n","protected":false},"featured_media":893,"comment_status":"open","ping_status":"closed","template":"","meta":{"_et_pb_use_builder":"","_et_pb_old_content":"","_et_gb_content_width":"","content-type":""},"product_cat":[45],"product_tag":[],"class_list":["post-892","product","type-product","status-publish","has-post-thumbnail","hentry","product_cat-aviculture"],"yoast_head":"<!-- This site is optimized with the Yoast SEO plugin v18.9 - https:\/\/yoast.com\/wordpress\/plugins\/seo\/ -->\n<title>Lot de 6 abreuvoirs pipette pour poules - Jarden<\/title>\n<meta name=\"robots\" content=\"index, follow, max-snippet:-1, max-image-preview:large, max-video-preview:-1\" \/>\n<link rel=\"canonical\" href=\"https:\/\/jarden.fr\/index.php\/produit\/lot-de-6-abreuvoirs-pipette-pour-poules\/\" \/>\n<meta property=\"og:locale\" content=\"fr_FR\" \/>\n<meta property=\"og:type\" content=\"article\" \/>\n<meta property=\"og:title\" content=\"Lot de 6 abreuvoirs pipette pour poules - Jarden\" \/>\n<meta property=\"og:description\" content=\"Marre de surveiller et nettoyer en permanence les abreuvoirs de vos poules ? Installez les abreuvoirs automatiques Jarden qui garantissent \u00e0 vos volailles un acc\u00e8s 7j\/7 et 24h\/24 \u00e0 de l\u2019eau propre et saine ! Le syst\u00e8me de pipette emp\u00eache les nuisibles d&rsquo;acc\u00e9der \u00e0 l\u2019eau et \u00e9limine tout risque de stagnation et salissures de l\u2019eau. [&hellip;]\" \/>\n<meta property=\"og:url\" content=\"https:\/\/jarden.fr\/index.php\/produit\/lot-de-6-abreuvoirs-pipette-pour-poules\/\" \/>\n<meta property=\"og:site_name\" content=\"Jarden\" \/>\n<meta property=\"article:modified_time\" content=\"2023-01-15T18:49:55+00:00\" \/>\n<meta property=\"og:image\" content=\"https:\/\/jarden.fr\/wp-content\/uploads\/2023\/01\/1_-fond-blanc.jpg\" \/>\n\t<meta property=\"og:image:width\" content=\"2000\" \/>\n\t<meta property=\"og:image:height\" content=\"2000\" \/>\n\t<meta property=\"og:image:type\" content=\"image\/jpeg\" \/>\n<meta name=\"twitter:card\" content=\"summary_large_image\" \/>\n<meta name=\"twitter:label1\" content=\"Dur\u00e9e de lecture estim\u00e9e\" \/>\n\t<meta name=\"twitter:data1\" content=\"1 minute\" \/>\n<script type=\"application\/ld+json\" class=\"yoast-schema-graph\">{\"@context\":\"https:\/\/schema.org\",\"@graph\":[{\"@type\":\"WebSite\",\"@id\":\"https:\/\/jarden.fr\/#website\",\"url\":\"https:\/\/jarden.fr\/\",\"name\":\"Jarden\",\"description\":\"Faites de votre chez vous un v\u00e9ritable JARdin d&#039;\u00e9DEN !\",\"potentialAction\":[{\"@type\":\"SearchAction\",\"target\":{\"@type\":\"EntryPoint\",\"urlTemplate\":\"https:\/\/jarden.fr\/?s={search_term_string}\"},\"query-input\":\"required name=search_term_string\"}],\"inLanguage\":\"fr-FR\"},{\"@type\":\"ImageObject\",\"inLanguage\":\"fr-FR\",\"@id\":\"https:\/\/jarden.fr\/index.php\/produit\/lot-de-6-abreuvoirs-pipette-pour-poules\/#primaryimage\",\"url\":\"https:\/\/jarden.fr\/wp-content\/uploads\/2023\/01\/1_-fond-blanc.jpg\",\"contentUrl\":\"https:\/\/jarden.fr\/wp-content\/uploads\/2023\/01\/1_-fond-blanc.jpg\",\"width\":2000,\"height\":2000,\"caption\":\"Lot 6 abreuvoirs pipette\"},{\"@type\":\"WebPage\",\"@id\":\"https:\/\/jarden.fr\/index.php\/produit\/lot-de-6-abreuvoirs-pipette-pour-poules\/#webpage\",\"url\":\"https:\/\/jarden.fr\/index.php\/produit\/lot-de-6-abreuvoirs-pipette-pour-poules\/\",\"name\":\"Lot de 6 abreuvoirs pipette pour poules - Jarden\",\"isPartOf\":{\"@id\":\"https:\/\/jarden.fr\/#website\"},\"primaryImageOfPage\":{\"@id\":\"https:\/\/jarden.fr\/index.php\/produit\/lot-de-6-abreuvoirs-pipette-pour-poules\/#primaryimage\"},\"datePublished\":\"2023-01-15T18:42:24+00:00\",\"dateModified\":\"2023-01-15T18:49:55+00:00\",\"breadcrumb\":{\"@id\":\"https:\/\/jarden.fr\/index.php\/produit\/lot-de-6-abreuvoirs-pipette-pour-poules\/#breadcrumb\"},\"inLanguage\":\"fr-FR\",\"potentialAction\":[{\"@type\":\"ReadAction\",\"target\":[\"https:\/\/jarden.fr\/index.php\/produit\/lot-de-6-abreuvoirs-pipette-pour-poules\/\"]}]},{\"@type\":\"BreadcrumbList\",\"@id\":\"https:\/\/jarden.fr\/index.php\/produit\/lot-de-6-abreuvoirs-pipette-pour-poules\/#breadcrumb\",\"itemListElement\":[{\"@type\":\"ListItem\",\"position\":1,\"name\":\"Accueil\",\"item\":\"https:\/\/jarden.fr\/\"},{\"@type\":\"ListItem\",\"position\":2,\"name\":\"\"},{\"@type\":\"ListItem\",\"position\":3,\"name\":\"Lot de 6 abreuvoirs pipette pour poules\"}]}]}<\/script>\n<!-- \/ Yoast SEO plugin. -->","yoast_head_json":{"title":"Lot de 6 abreuvoirs pipette pour poules - Jarden","robots":{"index":"index","follow":"follow","max-snippet":"max-snippet:-1","max-image-preview":"max-image-preview:large","max-video-preview":"max-video-preview:-1"},"canonical":"https:\/\/jarden.fr\/index.php\/produit\/lot-de-6-abreuvoirs-pipette-pour-poules\/","og_locale":"fr_FR","og_type":"article","og_title":"Lot de 6 abreuvoirs pipette pour poules - Jarden","og_description":"Marre de surveiller et nettoyer en permanence les abreuvoirs de vos poules ? Installez les abreuvoirs automatiques Jarden qui garantissent \u00e0 vos volailles un acc\u00e8s 7j\/7 et 24h\/24 \u00e0 de l\u2019eau propre et saine ! Le syst\u00e8me de pipette emp\u00eache les nuisibles d&rsquo;acc\u00e9der \u00e0 l\u2019eau et \u00e9limine tout risque de stagnation et salissures de l\u2019eau. [&hellip;]","og_url":"https:\/\/jarden.fr\/index.php\/produit\/lot-de-6-abreuvoirs-pipette-pour-poules\/","og_site_name":"Jarden","article_modified_time":"2023-01-15T18:49:55+00:00","og_image":[{"width":2000,"height":2000,"url":"https:\/\/jarden.fr\/wp-content\/uploads\/2023\/01\/1_-fond-blanc.jpg","type":"image\/jpeg"}],"twitter_card":"summary_large_image","twitter_misc":{"Dur\u00e9e de lecture estim\u00e9e":"1 minute"},"schema":{"@context":"https:\/\/schema.org","@graph":[{"@type":"WebSite","@id":"https:\/\/jarden.fr\/#website","url":"https:\/\/jarden.fr\/","name":"Jarden","description":"Faites de votre chez vous un v\u00e9ritable JARdin d&#039;\u00e9DEN !","potentialAction":[{"@type":"SearchAction","target":{"@type":"EntryPoint","urlTemplate":"https:\/\/jarden.fr\/?s={search_term_string}"},"query-input":"required name=search_term_string"}],"inLanguage":"fr-FR"},{"@type":"ImageObject","inLanguage":"fr-FR","@id":"https:\/\/jarden.fr\/index.php\/produit\/lot-de-6-abreuvoirs-pipette-pour-poules\/#primaryimage","url":"https:\/\/jarden.fr\/wp-content\/uploads\/2023\/01\/1_-fond-blanc.jpg","contentUrl":"https:\/\/jarden.fr\/wp-content\/uploads\/2023\/01\/1_-fond-blanc.jpg","width":2000,"height":2000,"caption":"Lot 6 abreuvoirs pipette"},{"@type":"WebPage","@id":"https:\/\/jarden.fr\/index.php\/produit\/lot-de-6-abreuvoirs-pipette-pour-poules\/#webpage","url":"https:\/\/jarden.fr\/index.php\/produit\/lot-de-6-abreuvoirs-pipette-pour-poules\/","name":"Lot de 6 abreuvoirs pipette pour poules - Jarden","isPartOf":{"@id":"https:\/\/jarden.fr\/#website"},"primaryImageOfPage":{"@id":"https:\/\/jarden.fr\/index.php\/produit\/lot-de-6-abreuvoirs-pipette-pour-poules\/#primaryimage"},"datePublished":"2023-01-15T18:42:24+00:00","dateModified":"2023-01-15T18:49:55+00:00","breadcrumb":{"@id":"https:\/\/jarden.fr\/index.php\/produit\/lot-de-6-abreuvoirs-pipette-pour-poules\/#breadcrumb"},"inLanguage":"fr-FR","potentialAction":[{"@type":"ReadAction","target":["https:\/\/jarden.fr\/index.php\/produit\/lot-de-6-abreuvoirs-pipette-pour-poules\/"]}]},{"@type":"BreadcrumbList","@id":"https:\/\/jarden.fr\/index.php\/produit\/lot-de-6-abreuvoirs-pipette-pour-poules\/#breadcrumb","itemListElement":[{"@type":"ListItem","position":1,"name":"Accueil","item":"https:\/\/jarden.fr\/"},{"@type":"ListItem","position":2,"name":""},{"@type":"ListItem","position":3,"name":"Lot de 6 abreuvoirs pipette pour poules"}]}]}},"_links":{"self":[{"href":"https:\/\/jarden.fr\/index.php\/wp-json\/wp\/v2\/product\/892","targetHints":{"allow":["GET"]}}],"collection":[{"href":"https:\/\/jarden.fr\/index.php\/wp-json\/wp\/v2\/product"}],"about":[{"href":"https:\/\/jarden.fr\/index.php\/wp-json\/wp\/v2\/types\/product"}],"replies":[{"embeddable":true,"href":"https:\/\/jarden.fr\/index.php\/wp-json\/wp\/v2\/comments?post=892"}],"wp:featuredmedia":[{"embeddable":true,"href":"https:\/\/jarden.fr\/index.php\/wp-json\/wp\/v2\/media\/893"}],"wp:attachment":[{"href":"https:\/\/jarden.fr\/index.php\/wp-json\/wp\/v2\/media?parent=892"}],"wp:term":[{"taxonomy":"product_cat","embeddable":true,"href":"https:\/\/jarden.fr\/index.php\/wp-json\/wp\/v2\/product_cat?post=892"},{"taxonomy":"product_tag","embeddable":true,"href":"https:\/\/jarden.fr\/index.php\/wp-json\/wp\/v2\/product_tag?post=892"}],"curies":[{"name":"wp","href":"https:\/\/api.w.org\/{rel}","templated":true}]}}