{"id":655,"date":"2022-08-01T13:06:21","date_gmt":"2022-08-01T11:06:21","guid":{"rendered":"https:\/\/jarden.fr\/?post_type=product&#038;p=655"},"modified":"2023-01-15T19:50:32","modified_gmt":"2023-01-15T18:50:32","slug":"lot-de-5-oeufs-factices-en-bois-pour-poules-pondeuses","status":"publish","type":"product","link":"https:\/\/jarden.fr\/index.php\/produit\/lot-de-5-oeufs-factices-en-bois-pour-poules-pondeuses\/","title":{"rendered":"Lot de 5 oeufs factices en bois pour poules pondeuses"},"content":{"rendered":"<p>Les \u0153ufs factices Jarden ont de multiples bienfaits pour vos poules pondeuses :<\/p>\n<ul>\n<li>Ils stimulent la ponte des poules : Les poules pondeuses sont parfois peu productives, notamment lorsqu&rsquo;elles sont jeunes ou d\u00e9plac\u00e9es dans un nouvel environnement. Les \u0153ufs factices leur permettent de trouver leurs rep\u00e8res et de les stimuler.<\/li>\n<li>Ils incitent les poules \u00e0 pondre au bon endroit : Les poules pondeuses prennent parfois la mauvaise habitude de pondre en dehors des pondoirs, rendant ainsi le ramassage des \u0153ufs difficile et entra\u00eenant beaucoup de pertes (\u0153ufs cass\u00e9s ou mang\u00e9s, \u0153ufs perdus&#8230;) Les faux \u0153ufs guident les poules vers les endroits appropri\u00e9s que vous choisissez pour la ponte.<\/li>\n<li>Ils dissuadent les poules et pr\u00e9dateurs de picorer ou manger les \u0153ufs : Les \u0153ufs factices plac\u00e9s dans les pondoirs permettent d\u2019\u00e9viter que les poules et les pr\u00e9dateurs picorent ou mangent les \u0153ufs. Apr\u00e8s avoir picor\u00e9 ou croqu\u00e9 les \u0153ufs en bois, ils ne seront plus attir\u00e9s par les \u0153ufs frais.<\/li>\n<\/ul>\n<p>Les faux \u0153ufs Jarden sont identiques en taille, couleur et poids aux v\u00e9ritables \u0153ufs : vos poules pondeuses ne feront pas la diff\u00e9rence ! Les \u0153ufs en bois sont ultra-r\u00e9sistants, ils ne cassent pas et ne se d\u00e9forment pas sous les poules ou en tombant. De plus, ils sont tr\u00e8s faciles \u00e0 nettoyer : ils accompagneront vos belles poules tout au long des saisons !<\/p>\n","protected":false},"excerpt":{"rendered":"<p>Les \u0153ufs factices Jarden ont de multiples bienfaits pour vos poules pondeuses : Ils stimulent la ponte des poules : Les poules pondeuses sont parfois peu productives, notamment lorsqu&rsquo;elles sont jeunes ou d\u00e9plac\u00e9es dans un nouvel environnement. Les \u0153ufs factices leur permettent de trouver leurs rep\u00e8res et de les stimuler. Ils incitent les poules \u00e0 [&hellip;]<\/p>\n","protected":false},"featured_media":656,"comment_status":"open","ping_status":"closed","template":"","meta":{"_et_pb_use_builder":"","_et_pb_old_content":"","_et_gb_content_width":"","content-type":""},"product_cat":[45],"product_tag":[],"class_list":["post-655","product","type-product","status-publish","has-post-thumbnail","hentry","product_cat-aviculture"],"yoast_head":"<!-- This site is optimized with the Yoast SEO plugin v18.9 - https:\/\/yoast.com\/wordpress\/plugins\/seo\/ -->\n<title>Lot de 5 oeufs factices en bois pour poules pondeuses - Jarden<\/title>\n<meta name=\"robots\" content=\"index, follow, max-snippet:-1, max-image-preview:large, max-video-preview:-1\" \/>\n<link rel=\"canonical\" href=\"https:\/\/jarden.fr\/index.php\/produit\/lot-de-5-oeufs-factices-en-bois-pour-poules-pondeuses\/\" \/>\n<meta property=\"og:locale\" content=\"fr_FR\" \/>\n<meta property=\"og:type\" content=\"article\" \/>\n<meta property=\"og:title\" content=\"Lot de 5 oeufs factices en bois pour poules pondeuses - Jarden\" \/>\n<meta property=\"og:description\" content=\"Les \u0153ufs factices Jarden ont de multiples bienfaits pour vos poules pondeuses : Ils stimulent la ponte des poules : Les poules pondeuses sont parfois peu productives, notamment lorsqu&rsquo;elles sont jeunes ou d\u00e9plac\u00e9es dans un nouvel environnement. Les \u0153ufs factices leur permettent de trouver leurs rep\u00e8res et de les stimuler. Ils incitent les poules \u00e0 [&hellip;]\" \/>\n<meta property=\"og:url\" content=\"https:\/\/jarden.fr\/index.php\/produit\/lot-de-5-oeufs-factices-en-bois-pour-poules-pondeuses\/\" \/>\n<meta property=\"og:site_name\" content=\"Jarden\" \/>\n<meta property=\"article:modified_time\" content=\"2023-01-15T18:50:32+00:00\" \/>\n<meta property=\"og:image\" content=\"https:\/\/jarden.fr\/wp-content\/uploads\/2022\/08\/1-new-bag.jpg\" \/>\n\t<meta property=\"og:image:width\" content=\"2000\" \/>\n\t<meta property=\"og:image:height\" content=\"2000\" \/>\n\t<meta property=\"og:image:type\" content=\"image\/jpeg\" \/>\n<meta name=\"twitter:card\" content=\"summary_large_image\" \/>\n<meta name=\"twitter:label1\" content=\"Dur\u00e9e de lecture estim\u00e9e\" \/>\n\t<meta name=\"twitter:data1\" content=\"2 minutes\" \/>\n<script type=\"application\/ld+json\" class=\"yoast-schema-graph\">{\"@context\":\"https:\/\/schema.org\",\"@graph\":[{\"@type\":\"WebSite\",\"@id\":\"https:\/\/jarden.fr\/#website\",\"url\":\"https:\/\/jarden.fr\/\",\"name\":\"Jarden\",\"description\":\"Faites de votre chez vous un v\u00e9ritable JARdin d&#039;\u00e9DEN !\",\"potentialAction\":[{\"@type\":\"SearchAction\",\"target\":{\"@type\":\"EntryPoint\",\"urlTemplate\":\"https:\/\/jarden.fr\/?s={search_term_string}\"},\"query-input\":\"required name=search_term_string\"}],\"inLanguage\":\"fr-FR\"},{\"@type\":\"ImageObject\",\"inLanguage\":\"fr-FR\",\"@id\":\"https:\/\/jarden.fr\/index.php\/produit\/lot-de-5-oeufs-factices-en-bois-pour-poules-pondeuses\/#primaryimage\",\"url\":\"https:\/\/jarden.fr\/wp-content\/uploads\/2022\/08\/1-new-bag.jpg\",\"contentUrl\":\"https:\/\/jarden.fr\/wp-content\/uploads\/2022\/08\/1-new-bag.jpg\",\"width\":2000,\"height\":2000,\"caption\":\"Packaging lot de 5 oeufs factices Jarden\"},{\"@type\":\"WebPage\",\"@id\":\"https:\/\/jarden.fr\/index.php\/produit\/lot-de-5-oeufs-factices-en-bois-pour-poules-pondeuses\/#webpage\",\"url\":\"https:\/\/jarden.fr\/index.php\/produit\/lot-de-5-oeufs-factices-en-bois-pour-poules-pondeuses\/\",\"name\":\"Lot de 5 oeufs factices en bois pour poules pondeuses - Jarden\",\"isPartOf\":{\"@id\":\"https:\/\/jarden.fr\/#website\"},\"primaryImageOfPage\":{\"@id\":\"https:\/\/jarden.fr\/index.php\/produit\/lot-de-5-oeufs-factices-en-bois-pour-poules-pondeuses\/#primaryimage\"},\"datePublished\":\"2022-08-01T11:06:21+00:00\",\"dateModified\":\"2023-01-15T18:50:32+00:00\",\"breadcrumb\":{\"@id\":\"https:\/\/jarden.fr\/index.php\/produit\/lot-de-5-oeufs-factices-en-bois-pour-poules-pondeuses\/#breadcrumb\"},\"inLanguage\":\"fr-FR\",\"potentialAction\":[{\"@type\":\"ReadAction\",\"target\":[\"https:\/\/jarden.fr\/index.php\/produit\/lot-de-5-oeufs-factices-en-bois-pour-poules-pondeuses\/\"]}]},{\"@type\":\"BreadcrumbList\",\"@id\":\"https:\/\/jarden.fr\/index.php\/produit\/lot-de-5-oeufs-factices-en-bois-pour-poules-pondeuses\/#breadcrumb\",\"itemListElement\":[{\"@type\":\"ListItem\",\"position\":1,\"name\":\"Accueil\",\"item\":\"https:\/\/jarden.fr\/\"},{\"@type\":\"ListItem\",\"position\":2,\"name\":\"\"},{\"@type\":\"ListItem\",\"position\":3,\"name\":\"Lot de 5 oeufs factices en bois pour poules pondeuses\"}]}]}<\/script>\n<!-- \/ Yoast SEO plugin. -->","yoast_head_json":{"title":"Lot de 5 oeufs factices en bois pour poules pondeuses - Jarden","robots":{"index":"index","follow":"follow","max-snippet":"max-snippet:-1","max-image-preview":"max-image-preview:large","max-video-preview":"max-video-preview:-1"},"canonical":"https:\/\/jarden.fr\/index.php\/produit\/lot-de-5-oeufs-factices-en-bois-pour-poules-pondeuses\/","og_locale":"fr_FR","og_type":"article","og_title":"Lot de 5 oeufs factices en bois pour poules pondeuses - Jarden","og_description":"Les \u0153ufs factices Jarden ont de multiples bienfaits pour vos poules pondeuses : Ils stimulent la ponte des poules : Les poules pondeuses sont parfois peu productives, notamment lorsqu&rsquo;elles sont jeunes ou d\u00e9plac\u00e9es dans un nouvel environnement. Les \u0153ufs factices leur permettent de trouver leurs rep\u00e8res et de les stimuler. Ils incitent les poules \u00e0 [&hellip;]","og_url":"https:\/\/jarden.fr\/index.php\/produit\/lot-de-5-oeufs-factices-en-bois-pour-poules-pondeuses\/","og_site_name":"Jarden","article_modified_time":"2023-01-15T18:50:32+00:00","og_image":[{"width":2000,"height":2000,"url":"https:\/\/jarden.fr\/wp-content\/uploads\/2022\/08\/1-new-bag.jpg","type":"image\/jpeg"}],"twitter_card":"summary_large_image","twitter_misc":{"Dur\u00e9e de lecture estim\u00e9e":"2 minutes"},"schema":{"@context":"https:\/\/schema.org","@graph":[{"@type":"WebSite","@id":"https:\/\/jarden.fr\/#website","url":"https:\/\/jarden.fr\/","name":"Jarden","description":"Faites de votre chez vous un v\u00e9ritable JARdin d&#039;\u00e9DEN !","potentialAction":[{"@type":"SearchAction","target":{"@type":"EntryPoint","urlTemplate":"https:\/\/jarden.fr\/?s={search_term_string}"},"query-input":"required name=search_term_string"}],"inLanguage":"fr-FR"},{"@type":"ImageObject","inLanguage":"fr-FR","@id":"https:\/\/jarden.fr\/index.php\/produit\/lot-de-5-oeufs-factices-en-bois-pour-poules-pondeuses\/#primaryimage","url":"https:\/\/jarden.fr\/wp-content\/uploads\/2022\/08\/1-new-bag.jpg","contentUrl":"https:\/\/jarden.fr\/wp-content\/uploads\/2022\/08\/1-new-bag.jpg","width":2000,"height":2000,"caption":"Packaging lot de 5 oeufs factices Jarden"},{"@type":"WebPage","@id":"https:\/\/jarden.fr\/index.php\/produit\/lot-de-5-oeufs-factices-en-bois-pour-poules-pondeuses\/#webpage","url":"https:\/\/jarden.fr\/index.php\/produit\/lot-de-5-oeufs-factices-en-bois-pour-poules-pondeuses\/","name":"Lot de 5 oeufs factices en bois pour poules pondeuses - Jarden","isPartOf":{"@id":"https:\/\/jarden.fr\/#website"},"primaryImageOfPage":{"@id":"https:\/\/jarden.fr\/index.php\/produit\/lot-de-5-oeufs-factices-en-bois-pour-poules-pondeuses\/#primaryimage"},"datePublished":"2022-08-01T11:06:21+00:00","dateModified":"2023-01-15T18:50:32+00:00","breadcrumb":{"@id":"https:\/\/jarden.fr\/index.php\/produit\/lot-de-5-oeufs-factices-en-bois-pour-poules-pondeuses\/#breadcrumb"},"inLanguage":"fr-FR","potentialAction":[{"@type":"ReadAction","target":["https:\/\/jarden.fr\/index.php\/produit\/lot-de-5-oeufs-factices-en-bois-pour-poules-pondeuses\/"]}]},{"@type":"BreadcrumbList","@id":"https:\/\/jarden.fr\/index.php\/produit\/lot-de-5-oeufs-factices-en-bois-pour-poules-pondeuses\/#breadcrumb","itemListElement":[{"@type":"ListItem","position":1,"name":"Accueil","item":"https:\/\/jarden.fr\/"},{"@type":"ListItem","position":2,"name":""},{"@type":"ListItem","position":3,"name":"Lot de 5 oeufs factices en bois pour poules pondeuses"}]}]}},"_links":{"self":[{"href":"https:\/\/jarden.fr\/index.php\/wp-json\/wp\/v2\/product\/655","targetHints":{"allow":["GET"]}}],"collection":[{"href":"https:\/\/jarden.fr\/index.php\/wp-json\/wp\/v2\/product"}],"about":[{"href":"https:\/\/jarden.fr\/index.php\/wp-json\/wp\/v2\/types\/product"}],"replies":[{"embeddable":true,"href":"https:\/\/jarden.fr\/index.php\/wp-json\/wp\/v2\/comments?post=655"}],"wp:featuredmedia":[{"embeddable":true,"href":"https:\/\/jarden.fr\/index.php\/wp-json\/wp\/v2\/media\/656"}],"wp:attachment":[{"href":"https:\/\/jarden.fr\/index.php\/wp-json\/wp\/v2\/media?parent=655"}],"wp:term":[{"taxonomy":"product_cat","embeddable":true,"href":"https:\/\/jarden.fr\/index.php\/wp-json\/wp\/v2\/product_cat?post=655"},{"taxonomy":"product_tag","embeddable":true,"href":"https:\/\/jarden.fr\/index.php\/wp-json\/wp\/v2\/product_tag?post=655"}],"curies":[{"name":"wp","href":"https:\/\/api.w.org\/{rel}","templated":true}]}}