{"id":337,"date":"2022-05-21T16:29:59","date_gmt":"2022-05-21T14:29:59","guid":{"rendered":"http:\/\/jarden.fr\/?post_type=product&#038;p=337"},"modified":"2023-01-15T19:53:52","modified_gmt":"2023-01-15T18:53:52","slug":"clips-de-fixation-en-metal-pour-serre-25mm","status":"publish","type":"product","link":"https:\/\/jarden.fr\/index.php\/produit\/clips-de-fixation-en-metal-pour-serre-25mm\/","title":{"rendered":"Clips de fixation en m\u00e9tal pour serre 25mm &#8211; lot de 20, 30 ou 40 clips"},"content":{"rendered":"","protected":false},"excerpt":{"rendered":"<div id=\"productDescription_feature_div\" class=\"celwidget\" data-feature-name=\"productDescription_EU5\" data-csa-c-id=\"w1bs4j-v5krsw-zeswsa-5c9xkp\" data-cel-widget=\"productDescription_feature_div\">\n<div>\n<div id=\"productDescription_feature_div\" class=\"a-row feature\" data-feature-name=\"productDescription\" data-template-name=\"productDescription\" data-cel-widget=\"productDescription_feature_div\">\n<div id=\"productDescription\" class=\"a-section a-spacing-small\">\n<p>Marre de vous inqui\u00e9ter de la r\u00e9sistance de votre serre au moindre coup de vent ? Marre de retrouver votre serre d\u00e9b\u00e2ch\u00e9e et vos semis et plantations ab\u00eem\u00e9s apr\u00e8s des intemp\u00e9ries ? Soyez serein quelque soit la m\u00e9t\u00e9o gr\u00e2ce aux clips en m\u00e9tal de fixation pour serres ultra-r\u00e9sistants de Jarden. Plus solides et fiables que les simples pinces ou accroches en plastique, ils conviennent \u00e0 toutes les serres \u00e0 tubes standards de 25mm maximum : serres \u00e0 tomates, mini serres, serres tunnel de 4m2 \/ 6m2 \/ 9m2 \/ 12m2 \/ 18 m2 \/ 24m2.<\/p>\n<\/div>\n<\/div>\n<\/div>\n<\/div>\n<div id=\"ad-display-center-1_feature_div\" class=\"celwidget\" data-feature-name=\"ad-display-center-1\" data-csa-c-id=\"zggdwy-j6nstj-7tezsk-htq2tp\" data-cel-widget=\"ad-display-center-1_feature_div\"><\/div>\n<div id=\"dp-ads-center-promo_feature_div\" class=\"celwidget\" data-feature-name=\"dp-ads-center-promo\" data-csa-c-id=\"tpb9ub-jozx9g-5w3zbi-rnd4dc\" data-cel-widget=\"dp-ads-center-promo_feature_div\"><\/div>\n","protected":false},"featured_media":900,"comment_status":"open","ping_status":"closed","template":"","meta":{"_et_pb_use_builder":"","_et_pb_old_content":"","_et_gb_content_width":"","content-type":""},"product_cat":[46],"product_tag":[],"class_list":["post-337","product","type-product","status-publish","has-post-thumbnail","hentry","product_cat-jardinage"],"yoast_head":"<!-- This site is optimized with the Yoast SEO plugin v18.9 - https:\/\/yoast.com\/wordpress\/plugins\/seo\/ -->\n<title>Clips de fixation en m\u00e9tal pour serre 25mm - lot de 20, 30 ou 40 clips - Jarden<\/title>\n<meta name=\"robots\" content=\"index, follow, max-snippet:-1, max-image-preview:large, max-video-preview:-1\" \/>\n<link rel=\"canonical\" href=\"https:\/\/jarden.fr\/index.php\/produit\/clips-de-fixation-en-metal-pour-serre-25mm\/\" \/>\n<meta property=\"og:locale\" content=\"fr_FR\" \/>\n<meta property=\"og:type\" content=\"article\" \/>\n<meta property=\"og:title\" content=\"Clips de fixation en m\u00e9tal pour serre 25mm - lot de 20, 30 ou 40 clips - Jarden\" \/>\n<meta property=\"og:description\" content=\"Marre de vous inqui\u00e9ter de la r\u00e9sistance de votre serre au moindre coup de vent ? Marre de retrouver votre serre d\u00e9b\u00e2ch\u00e9e et vos semis et plantations ab\u00eem\u00e9s apr\u00e8s des intemp\u00e9ries ? Soyez serein quelque soit la m\u00e9t\u00e9o gr\u00e2ce aux clips en m\u00e9tal de fixation pour serres ultra-r\u00e9sistants de Jarden. Plus solides et fiables que les simples pinces ou accroches en plastique, ils conviennent \u00e0 toutes les serres \u00e0 tubes standards de 25mm maximum : serres \u00e0 tomates, mini serres, serres tunnel de 4m2 \/ 6m2 \/ 9m2 \/ 12m2 \/ 18 m2 \/ 24m2.\" \/>\n<meta property=\"og:url\" content=\"https:\/\/jarden.fr\/index.php\/produit\/clips-de-fixation-en-metal-pour-serre-25mm\/\" \/>\n<meta property=\"og:site_name\" content=\"Jarden\" \/>\n<meta property=\"article:modified_time\" content=\"2023-01-15T18:53:52+00:00\" \/>\n<meta property=\"og:image\" content=\"https:\/\/jarden.fr\/wp-content\/uploads\/2022\/05\/1-graines.jpg\" \/>\n\t<meta property=\"og:image:width\" content=\"2000\" \/>\n\t<meta property=\"og:image:height\" content=\"2000\" \/>\n\t<meta property=\"og:image:type\" content=\"image\/jpeg\" \/>\n<meta name=\"twitter:card\" content=\"summary_large_image\" \/>\n<script type=\"application\/ld+json\" class=\"yoast-schema-graph\">{\"@context\":\"https:\/\/schema.org\",\"@graph\":[{\"@type\":\"WebSite\",\"@id\":\"https:\/\/jarden.fr\/#website\",\"url\":\"https:\/\/jarden.fr\/\",\"name\":\"Jarden\",\"description\":\"Faites de votre chez vous un v\u00e9ritable JARdin d&#039;\u00e9DEN !\",\"potentialAction\":[{\"@type\":\"SearchAction\",\"target\":{\"@type\":\"EntryPoint\",\"urlTemplate\":\"https:\/\/jarden.fr\/?s={search_term_string}\"},\"query-input\":\"required name=search_term_string\"}],\"inLanguage\":\"fr-FR\"},{\"@type\":\"ImageObject\",\"inLanguage\":\"fr-FR\",\"@id\":\"https:\/\/jarden.fr\/index.php\/produit\/clips-de-fixation-en-metal-pour-serre-25mm\/#primaryimage\",\"url\":\"https:\/\/jarden.fr\/wp-content\/uploads\/2022\/05\/1-graines.jpg\",\"contentUrl\":\"https:\/\/jarden.fr\/wp-content\/uploads\/2022\/05\/1-graines.jpg\",\"width\":2000,\"height\":2000,\"caption\":\"Clips en m\u00e9tal\"},{\"@type\":\"WebPage\",\"@id\":\"https:\/\/jarden.fr\/index.php\/produit\/clips-de-fixation-en-metal-pour-serre-25mm\/#webpage\",\"url\":\"https:\/\/jarden.fr\/index.php\/produit\/clips-de-fixation-en-metal-pour-serre-25mm\/\",\"name\":\"Clips de fixation en m\u00e9tal pour serre 25mm - lot de 20, 30 ou 40 clips - Jarden\",\"isPartOf\":{\"@id\":\"https:\/\/jarden.fr\/#website\"},\"primaryImageOfPage\":{\"@id\":\"https:\/\/jarden.fr\/index.php\/produit\/clips-de-fixation-en-metal-pour-serre-25mm\/#primaryimage\"},\"datePublished\":\"2022-05-21T14:29:59+00:00\",\"dateModified\":\"2023-01-15T18:53:52+00:00\",\"breadcrumb\":{\"@id\":\"https:\/\/jarden.fr\/index.php\/produit\/clips-de-fixation-en-metal-pour-serre-25mm\/#breadcrumb\"},\"inLanguage\":\"fr-FR\",\"potentialAction\":[{\"@type\":\"ReadAction\",\"target\":[\"https:\/\/jarden.fr\/index.php\/produit\/clips-de-fixation-en-metal-pour-serre-25mm\/\"]}]},{\"@type\":\"BreadcrumbList\",\"@id\":\"https:\/\/jarden.fr\/index.php\/produit\/clips-de-fixation-en-metal-pour-serre-25mm\/#breadcrumb\",\"itemListElement\":[{\"@type\":\"ListItem\",\"position\":1,\"name\":\"Accueil\",\"item\":\"https:\/\/jarden.fr\/\"},{\"@type\":\"ListItem\",\"position\":2,\"name\":\"\"},{\"@type\":\"ListItem\",\"position\":3,\"name\":\"Clips de fixation en m\u00e9tal pour serre 25mm &#8211; lot de 20, 30 ou 40 clips\"}]}]}<\/script>\n<!-- \/ Yoast SEO plugin. -->","yoast_head_json":{"title":"Clips de fixation en m\u00e9tal pour serre 25mm - lot de 20, 30 ou 40 clips - Jarden","robots":{"index":"index","follow":"follow","max-snippet":"max-snippet:-1","max-image-preview":"max-image-preview:large","max-video-preview":"max-video-preview:-1"},"canonical":"https:\/\/jarden.fr\/index.php\/produit\/clips-de-fixation-en-metal-pour-serre-25mm\/","og_locale":"fr_FR","og_type":"article","og_title":"Clips de fixation en m\u00e9tal pour serre 25mm - lot de 20, 30 ou 40 clips - Jarden","og_description":"Marre de vous inqui\u00e9ter de la r\u00e9sistance de votre serre au moindre coup de vent ? Marre de retrouver votre serre d\u00e9b\u00e2ch\u00e9e et vos semis et plantations ab\u00eem\u00e9s apr\u00e8s des intemp\u00e9ries ? Soyez serein quelque soit la m\u00e9t\u00e9o gr\u00e2ce aux clips en m\u00e9tal de fixation pour serres ultra-r\u00e9sistants de Jarden. Plus solides et fiables que les simples pinces ou accroches en plastique, ils conviennent \u00e0 toutes les serres \u00e0 tubes standards de 25mm maximum : serres \u00e0 tomates, mini serres, serres tunnel de 4m2 \/ 6m2 \/ 9m2 \/ 12m2 \/ 18 m2 \/ 24m2.","og_url":"https:\/\/jarden.fr\/index.php\/produit\/clips-de-fixation-en-metal-pour-serre-25mm\/","og_site_name":"Jarden","article_modified_time":"2023-01-15T18:53:52+00:00","og_image":[{"width":2000,"height":2000,"url":"https:\/\/jarden.fr\/wp-content\/uploads\/2022\/05\/1-graines.jpg","type":"image\/jpeg"}],"twitter_card":"summary_large_image","schema":{"@context":"https:\/\/schema.org","@graph":[{"@type":"WebSite","@id":"https:\/\/jarden.fr\/#website","url":"https:\/\/jarden.fr\/","name":"Jarden","description":"Faites de votre chez vous un v\u00e9ritable JARdin d&#039;\u00e9DEN !","potentialAction":[{"@type":"SearchAction","target":{"@type":"EntryPoint","urlTemplate":"https:\/\/jarden.fr\/?s={search_term_string}"},"query-input":"required name=search_term_string"}],"inLanguage":"fr-FR"},{"@type":"ImageObject","inLanguage":"fr-FR","@id":"https:\/\/jarden.fr\/index.php\/produit\/clips-de-fixation-en-metal-pour-serre-25mm\/#primaryimage","url":"https:\/\/jarden.fr\/wp-content\/uploads\/2022\/05\/1-graines.jpg","contentUrl":"https:\/\/jarden.fr\/wp-content\/uploads\/2022\/05\/1-graines.jpg","width":2000,"height":2000,"caption":"Clips en m\u00e9tal"},{"@type":"WebPage","@id":"https:\/\/jarden.fr\/index.php\/produit\/clips-de-fixation-en-metal-pour-serre-25mm\/#webpage","url":"https:\/\/jarden.fr\/index.php\/produit\/clips-de-fixation-en-metal-pour-serre-25mm\/","name":"Clips de fixation en m\u00e9tal pour serre 25mm - lot de 20, 30 ou 40 clips - Jarden","isPartOf":{"@id":"https:\/\/jarden.fr\/#website"},"primaryImageOfPage":{"@id":"https:\/\/jarden.fr\/index.php\/produit\/clips-de-fixation-en-metal-pour-serre-25mm\/#primaryimage"},"datePublished":"2022-05-21T14:29:59+00:00","dateModified":"2023-01-15T18:53:52+00:00","breadcrumb":{"@id":"https:\/\/jarden.fr\/index.php\/produit\/clips-de-fixation-en-metal-pour-serre-25mm\/#breadcrumb"},"inLanguage":"fr-FR","potentialAction":[{"@type":"ReadAction","target":["https:\/\/jarden.fr\/index.php\/produit\/clips-de-fixation-en-metal-pour-serre-25mm\/"]}]},{"@type":"BreadcrumbList","@id":"https:\/\/jarden.fr\/index.php\/produit\/clips-de-fixation-en-metal-pour-serre-25mm\/#breadcrumb","itemListElement":[{"@type":"ListItem","position":1,"name":"Accueil","item":"https:\/\/jarden.fr\/"},{"@type":"ListItem","position":2,"name":""},{"@type":"ListItem","position":3,"name":"Clips de fixation en m\u00e9tal pour serre 25mm &#8211; lot de 20, 30 ou 40 clips"}]}]}},"_links":{"self":[{"href":"https:\/\/jarden.fr\/index.php\/wp-json\/wp\/v2\/product\/337","targetHints":{"allow":["GET"]}}],"collection":[{"href":"https:\/\/jarden.fr\/index.php\/wp-json\/wp\/v2\/product"}],"about":[{"href":"https:\/\/jarden.fr\/index.php\/wp-json\/wp\/v2\/types\/product"}],"replies":[{"embeddable":true,"href":"https:\/\/jarden.fr\/index.php\/wp-json\/wp\/v2\/comments?post=337"}],"wp:featuredmedia":[{"embeddable":true,"href":"https:\/\/jarden.fr\/index.php\/wp-json\/wp\/v2\/media\/900"}],"wp:attachment":[{"href":"https:\/\/jarden.fr\/index.php\/wp-json\/wp\/v2\/media?parent=337"}],"wp:term":[{"taxonomy":"product_cat","embeddable":true,"href":"https:\/\/jarden.fr\/index.php\/wp-json\/wp\/v2\/product_cat?post=337"},{"taxonomy":"product_tag","embeddable":true,"href":"https:\/\/jarden.fr\/index.php\/wp-json\/wp\/v2\/product_tag?post=337"}],"curies":[{"name":"wp","href":"https:\/\/api.w.org\/{rel}","templated":true}]}}